{"id":181,"date":"2025-07-19T17:41:20","date_gmt":"2025-07-19T15:41:20","guid":{"rendered":"https:\/\/julisis.com\/us\/?post_type=product&#038;p=181"},"modified":"2025-09-02T13:20:08","modified_gmt":"2025-09-02T11:20:08","slug":"starter-set-gold","status":"publish","type":"product","link":"https:\/\/julisis.com\/usa\/product\/starter-set-gold\/","title":{"rendered":"starter set gold"},"content":{"rendered":"","protected":false},"excerpt":{"rendered":"<p>JULISIS-Reisegr\u00f6\u00dfen-Sets sind hervorragend zum Mitnehmen Ihrer Lieblingsprodukte geeignet. Stabile und sichere Beh\u00e4lter, die nachgef\u00fcllt werden k\u00f6nnen. Die Sets sind ideal f\u00fcr einen Wochenendausflug oder zum Kennenlernen und bieten Platz f\u00fcr zus\u00e4tzliche Gegenst\u00e4nde. Ein perfektes Geschenk f\u00fcr jeden Anlass.<\/p>\n","protected":false},"featured_media":307,"template":"","meta":{"_acf_changed":false},"product_brand":[],"product_cat":[16,23],"product_tag":[],"class_list":{"0":"post-181","1":"product","2":"type-product","3":"status-publish","4":"has-post-thumbnail","6":"product_cat-gold-skincare-day","7":"product_cat-travel-and-starter-kits","8":"entry","10":"first","11":"instock","12":"taxable","13":"shipping-taxable","14":"purchasable","15":"product-type-simple"},"acf":[],"_links":{"self":[{"href":"https:\/\/julisis.com\/usa\/wp-json\/wp\/v2\/product\/181","targetHints":{"allow":["GET"]}}],"collection":[{"href":"https:\/\/julisis.com\/usa\/wp-json\/wp\/v2\/product"}],"about":[{"href":"https:\/\/julisis.com\/usa\/wp-json\/wp\/v2\/types\/product"}],"wp:featuredmedia":[{"embeddable":true,"href":"https:\/\/julisis.com\/usa\/wp-json\/wp\/v2\/media\/307"}],"wp:attachment":[{"href":"https:\/\/julisis.com\/usa\/wp-json\/wp\/v2\/media?parent=181"}],"wp:term":[{"taxonomy":"product_brand","embeddable":true,"href":"https:\/\/julisis.com\/usa\/wp-json\/wp\/v2\/product_brand?post=181"},{"taxonomy":"product_cat","embeddable":true,"href":"https:\/\/julisis.com\/usa\/wp-json\/wp\/v2\/product_cat?post=181"},{"taxonomy":"product_tag","embeddable":true,"href":"https:\/\/julisis.com\/usa\/wp-json\/wp\/v2\/product_tag?post=181"}],"curies":[{"name":"wp","href":"https:\/\/api.w.org\/{rel}","templated":true}]}}