{"id":173,"date":"2025-07-19T17:47:15","date_gmt":"2025-07-19T15:47:15","guid":{"rendered":"https:\/\/julisis.com\/us\/?post_type=product&#038;p=173"},"modified":"2025-09-02T13:19:12","modified_gmt":"2025-09-02T11:19:12","slug":"gold-neroli-toner-day","status":"publish","type":"product","link":"https:\/\/julisis.com\/usa\/product\/gold-neroli-toner-day\/","title":{"rendered":"gold neroli toner day"},"content":{"rendered":"","protected":false},"excerpt":{"rendered":"<p>Gold Neroli Toner Day ist Schritt 2 in Ihrer Hautpflegeroutine angereichert mit der energetisierenden Essenz wei\u00dfer Nerolibl\u00fcten und Himalaya Kristallsalz erfrischt und vitalisiert Gleichzeit regt der Toner die Durchblutung an und sorgt f\u00fcr einen strahlenden Teint. Gold Neroli Toner ist ideal f\u00fcr den t\u00e4glichen Gebrauch und h\u00e4lt den pH-Wert Ihrer Haut ausgeglichen und sch\u00fctzend.<\/p>\n","protected":false},"featured_media":304,"template":"","meta":{"_acf_changed":false},"product_brand":[],"product_cat":[16],"product_tag":[],"class_list":{"0":"post-173","1":"product","2":"type-product","3":"status-publish","4":"has-post-thumbnail","6":"product_cat-gold-skincare-day","7":"entry","9":"first","10":"instock","11":"taxable","12":"shipping-taxable","13":"purchasable","14":"product-type-simple"},"acf":[],"_links":{"self":[{"href":"https:\/\/julisis.com\/usa\/wp-json\/wp\/v2\/product\/173","targetHints":{"allow":["GET"]}}],"collection":[{"href":"https:\/\/julisis.com\/usa\/wp-json\/wp\/v2\/product"}],"about":[{"href":"https:\/\/julisis.com\/usa\/wp-json\/wp\/v2\/types\/product"}],"wp:featuredmedia":[{"embeddable":true,"href":"https:\/\/julisis.com\/usa\/wp-json\/wp\/v2\/media\/304"}],"wp:attachment":[{"href":"https:\/\/julisis.com\/usa\/wp-json\/wp\/v2\/media?parent=173"}],"wp:term":[{"taxonomy":"product_brand","embeddable":true,"href":"https:\/\/julisis.com\/usa\/wp-json\/wp\/v2\/product_brand?post=173"},{"taxonomy":"product_cat","embeddable":true,"href":"https:\/\/julisis.com\/usa\/wp-json\/wp\/v2\/product_cat?post=173"},{"taxonomy":"product_tag","embeddable":true,"href":"https:\/\/julisis.com\/usa\/wp-json\/wp\/v2\/product_tag?post=173"}],"curies":[{"name":"wp","href":"https:\/\/api.w.org\/{rel}","templated":true}]}}