{"id":168,"date":"2025-07-19T17:43:45","date_gmt":"2025-07-19T15:43:45","guid":{"rendered":"https:\/\/julisis.com\/us\/?post_type=product&#038;p=168"},"modified":"2025-09-02T13:19:55","modified_gmt":"2025-09-02T11:19:55","slug":"gold-emulsion-day","status":"publish","type":"product","link":"https:\/\/julisis.com\/usa\/product\/gold-emulsion-day\/","title":{"rendered":"gold emulsion day"},"content":{"rendered":"","protected":false},"excerpt":{"rendered":"<p>Der Abschluss des Tagesrituals: Gold Emulsion Day. Die Formel besteht aus Wildbl\u00fctenhonig, Propolis, K\u00f6nigbienengelee, Johanneskraut\u00f6l und Balsamextrakt. Stark regenerierend, ausgleichend, beruhigend reduziert Gold emulsion Day sichtbare Zeichen der Hautalterung. Ideal f\u00fcr die empfindliche oder postoperative Hautpflege, ist es ein luxuri\u00f6ses t\u00e4gliches Ritual.<\/p>\n","protected":false},"featured_media":306,"template":"","meta":{"_acf_changed":false},"product_brand":[],"product_cat":[16],"product_tag":[],"class_list":{"0":"post-168","1":"product","2":"type-product","3":"status-publish","4":"has-post-thumbnail","6":"product_cat-gold-skincare-day","7":"entry","9":"first","10":"instock","11":"taxable","12":"shipping-taxable","13":"purchasable","14":"product-type-simple"},"acf":[],"_links":{"self":[{"href":"https:\/\/julisis.com\/usa\/wp-json\/wp\/v2\/product\/168","targetHints":{"allow":["GET"]}}],"collection":[{"href":"https:\/\/julisis.com\/usa\/wp-json\/wp\/v2\/product"}],"about":[{"href":"https:\/\/julisis.com\/usa\/wp-json\/wp\/v2\/types\/product"}],"wp:featuredmedia":[{"embeddable":true,"href":"https:\/\/julisis.com\/usa\/wp-json\/wp\/v2\/media\/306"}],"wp:attachment":[{"href":"https:\/\/julisis.com\/usa\/wp-json\/wp\/v2\/media?parent=168"}],"wp:term":[{"taxonomy":"product_brand","embeddable":true,"href":"https:\/\/julisis.com\/usa\/wp-json\/wp\/v2\/product_brand?post=168"},{"taxonomy":"product_cat","embeddable":true,"href":"https:\/\/julisis.com\/usa\/wp-json\/wp\/v2\/product_cat?post=168"},{"taxonomy":"product_tag","embeddable":true,"href":"https:\/\/julisis.com\/usa\/wp-json\/wp\/v2\/product_tag?post=168"}],"curies":[{"name":"wp","href":"https:\/\/api.w.org\/{rel}","templated":true}]}}